{"id":510,"date":"2022-05-02T22:08:09","date_gmt":"2022-05-02T20:08:09","guid":{"rendered":"https:\/\/studiorizoma.org\/residencies\/"},"modified":"2025-07-21T14:20:21","modified_gmt":"2025-07-21T12:20:21","slug":"residencies","status":"publish","type":"page","link":"https:\/\/studiorizoma.org\/it\/residencies\/","title":{"rendered":"Residenze"},"content":{"rendered":"\r\n<p>I <strong>Resident generativi<\/strong> saranno invitati e accompagnati dal team di Rizoma per incontrare persone con competenze rilevanti o possibili partner per la cooperazione e per conoscere la citt\u00e0 di Palermo e la regione Sicilia. I residenti possono arrivare a Palermo gi\u00e0 con un progetto concreto da sviluppare, oppure possono lasciare che sia la citt\u00e0 a guidarli nello sviluppo di un progetto. I residenti ricevono una quota di 300 euro a settimana, oltre al viaggio e all&#8217;alloggio.<\/p>\r\n\r\n\r\n\r\n<p>I Resident affrontano temi e hanno sviluppato pratiche che possono essere proficuamente collegate con Palermo e con il focus di lavoro di uno dei Nodi di Rizoma. La fase generativa dello sviluppo di un progetto serve a renderlo tangibile insieme, favorendo l&#8217;opportunit\u00e0 di una collaborazione a lungo termine con il Resident. In questo senso, lo schema di residenza generativa serve anche ad aprire la definizione del programma di lavoro di Rizoma consentendo una co-progettazione partecipata.<\/p>\r\n\r\n\r\n\r\n<p>Se ritenuto di reciproco interesse, e a seconda dei requisiti finanziari e della disponibilit\u00e0 di fondi, i Resident possono tornare a Palermo come <strong>Resident produttivi<\/strong>. In questo caso, saranno impegnati nella produzione dell&#8217;idea generata, normalmente in collaborazione con Rizoma e con i partner locali che hanno identificato durante il loro primo soggiorno generativo. Diamo particolare valore a un tandem o a una cooperazione con individui o gruppi palermitani. Le residenze produttive sono valutate e pianificate su base individuale, con un budget di produzione dedicato messo a disposizione.\u00a0<\/p>\r\n\r\n\r\n\r\n<p data-start=\"100\" data-end=\"327\">*Le residenze presso Fondazione Studio Rizoma sono attivate esclusivamente su invito e nascono in modo organico dal nostro lavoro e dalle collaborazioni in corso. Non esiste un bando aperto n\u00e9 un processo formale di candidatura.<\/p>\r\n<p data-start=\"329\" data-end=\"590\">Tuttavia, se hai un\u2019idea specifica che richiederebbe un periodo di residenza a Palermo, puoi inviarci una proposta sintetica di una pagina (in formato Word o PDF), includendo una breve presentazione personale, la tua proposta e l\u2019indicazione del periodo ideale.<\/p>\r\n<p data-start=\"592\" data-end=\"830\">Vi informiamo comunque del fatto che, a causa dell\u2019elevato numero di richieste e della natura del nostro programma, non ci \u00e8 possibile rispondere o accogliere proposte non sollecitate, a meno che non siano strettamente in linea con il nostro lavoro attuale.*<\/p>\r\n","protected":false},"excerpt":{"rendered":"<p>I Resident generativi saranno invitati e accompagnati dal team di Rizoma per incontrare persone con competenze rilevanti o possibili partner per la cooperazione e per conoscere la citt\u00e0 di Palermo e la regione Sicilia. I residenti possono arrivare a Palermo gi\u00e0 con un progetto concreto da sviluppare, oppure possono lasciare che sia la citt\u00e0 a [&hellip;]<\/p>\n","protected":false},"author":1,"featured_media":738,"parent":0,"menu_order":0,"comment_status":"closed","ping_status":"closed","template":"template-residence.php","meta":[],"_links":{"self":[{"href":"https:\/\/studiorizoma.org\/it\/wp-json\/wp\/v2\/pages\/510"}],"collection":[{"href":"https:\/\/studiorizoma.org\/it\/wp-json\/wp\/v2\/pages"}],"about":[{"href":"https:\/\/studiorizoma.org\/it\/wp-json\/wp\/v2\/types\/page"}],"author":[{"embeddable":true,"href":"https:\/\/studiorizoma.org\/it\/wp-json\/wp\/v2\/users\/1"}],"replies":[{"embeddable":true,"href":"https:\/\/studiorizoma.org\/it\/wp-json\/wp\/v2\/comments?post=510"}],"version-history":[{"count":6,"href":"https:\/\/studiorizoma.org\/it\/wp-json\/wp\/v2\/pages\/510\/revisions"}],"predecessor-version":[{"id":5659,"href":"https:\/\/studiorizoma.org\/it\/wp-json\/wp\/v2\/pages\/510\/revisions\/5659"}],"wp:featuredmedia":[{"embeddable":true,"href":"https:\/\/studiorizoma.org\/it\/wp-json\/wp\/v2\/media\/738"}],"wp:attachment":[{"href":"https:\/\/studiorizoma.org\/it\/wp-json\/wp\/v2\/media?parent=510"}],"curies":[{"name":"wp","href":"https:\/\/api.w.org\/{rel}","templated":true}]}}