{"id":508,"date":"2022-05-02T22:07:07","date_gmt":"2022-05-02T20:07:07","guid":{"rendered":"https:\/\/studiorizoma.org\/program\/"},"modified":"2022-09-21T13:49:16","modified_gmt":"2022-09-21T11:49:16","slug":"program","status":"publish","type":"page","link":"https:\/\/studiorizoma.org\/it\/program\/","title":{"rendered":"Programma"},"content":{"rendered":"\n<p>Sviluppiamo un programma di lavoro autonomo in collaborazione con i nostri partner e con il pi\u00f9 ampio ecosistema e lo organizziamo secondo Nodi pluriennali per dare coerenza alla molteplicit\u00e0 di attivit\u00e0 e progetti gestiti dall&#8217;organizzazione.&nbsp;<\/p>\n\n\n\n<p>Ogni Nodo ha un curatore responsabile e promuove una linea di indagine specifica per un periodo di almeno due anni. I nodi servono inoltre a orientare il focus tematico delle residenze, delle borse di studio e del supporto organizzativo e dei finanziamenti di base forniti da Rizoma ad altre organizzazioni.<\/p>\n\n\n\n<p>Per il biennio 2022-2024, i Nodi di Studio Rizoma si concentrano su questioni legate all&#8217;ecologia mediterranea, al femminismo e&nbsp; al postcolonialismo. Nascendo in Sicilia, contribuiscono ad animare uno scambio continuo tra l&#8217;Europa e il continente africano.&nbsp;<\/p>\n\n\n\n<p>La nostra metodologia combina produzioni artistiche originali con l&#8217;impegno di gruppi sociali e politici: il processo di produzione coinvolge le comunit\u00e0 nella definizione e nella realizzazione, inserendo i progetti nei luoghi di lotta e di immaginazione politica esistenti.&nbsp;<\/p>\n\n\n\n<p>I nodi operano secondo una logica federativa sia a livello locale che internazionale. A livello locale, creano uno spazio continuo per la valorizzazione delle organizzazioni culturali e sociali palermitane. A livello internazionale, rifuggono dal modello &#8220;fly-in, fly-out&#8221; delle tourn\u00e9e internazionali, per coltivare invece collaborazioni stabili e a lungo termine per lo sviluppo di progetti transnazionali. I due livelli si intersecano per favorire una dimensione trans-locale e fornire uno spazio per la connessione dell&#8217;ecosistema locale con la scena internazionale.&nbsp;<\/p>\n\n\n\n<p>In questa pagina si possono trovare maggiori informazioni sui Nodi attuali e sui molteplici progetti ed eventi che li compongono.<\/p>\n","protected":false},"excerpt":{"rendered":"<p>Sviluppiamo un programma di lavoro autonomo in collaborazione con i nostri partner e con il pi\u00f9 ampio ecosistema e lo organizziamo secondo Nodi pluriennali per dare coerenza alla molteplicit\u00e0 di attivit\u00e0 e progetti gestiti dall&#8217;organizzazione.&nbsp; Ogni Nodo ha un curatore responsabile e promuove una linea di indagine specifica per un periodo di almeno due anni. [&hellip;]<\/p>\n","protected":false},"author":1,"featured_media":0,"parent":0,"menu_order":0,"comment_status":"closed","ping_status":"closed","template":"template-program.php","meta":[],"_links":{"self":[{"href":"https:\/\/studiorizoma.org\/it\/wp-json\/wp\/v2\/pages\/508"}],"collection":[{"href":"https:\/\/studiorizoma.org\/it\/wp-json\/wp\/v2\/pages"}],"about":[{"href":"https:\/\/studiorizoma.org\/it\/wp-json\/wp\/v2\/types\/page"}],"author":[{"embeddable":true,"href":"https:\/\/studiorizoma.org\/it\/wp-json\/wp\/v2\/users\/1"}],"replies":[{"embeddable":true,"href":"https:\/\/studiorizoma.org\/it\/wp-json\/wp\/v2\/comments?post=508"}],"version-history":[{"count":4,"href":"https:\/\/studiorizoma.org\/it\/wp-json\/wp\/v2\/pages\/508\/revisions"}],"predecessor-version":[{"id":1445,"href":"https:\/\/studiorizoma.org\/it\/wp-json\/wp\/v2\/pages\/508\/revisions\/1445"}],"wp:attachment":[{"href":"https:\/\/studiorizoma.org\/it\/wp-json\/wp\/v2\/media?parent=508"}],"curies":[{"name":"wp","href":"https:\/\/api.w.org\/{rel}","templated":true}]}}