{"id":505,"date":"2022-05-02T22:07:17","date_gmt":"2022-05-02T20:07:17","guid":{"rendered":"https:\/\/studiorizoma.org\/fellowships\/"},"modified":"2025-09-22T09:24:50","modified_gmt":"2025-09-22T07:24:50","slug":"fellowships","status":"publish","type":"page","link":"https:\/\/studiorizoma.org\/it\/fellowships\/","title":{"rendered":"Fellowships"},"content":{"rendered":"\r\n<p>Stanziamo accesso a micro-finanziamenti nella fase iniziale dello sviluppo di un&#8217;idea. Cerchiamo individui e collettivi che desiderano promuovere un cambiamento a lungo termine nella loro localit\u00e0, ad esempio creando nuove istituzioni, aprendo uno spazio pubblico, incrementando in modo permanente il proprio lavoro, cambiando carriera o qualsiasi altra azione che abbia un impatto sostenibile sulla realt\u00e0 oltre la durata a breve termine di un progetto.\u00a0<\/p>\r\n\r\n\r\n\r\n<p>Il Fellowship Program \u00e8 attualmente incentrato sul raggiungimento di un impatto nella citt\u00e0 di Palermo e nel pi\u00f9 ampio contesto siciliano. Inoltre, la Fondazione pu\u00f2 offrire borse di studio a organizzazioni internazionali che collaborano in modo strutturato e a lungo termine con la Fondazione Studio Rizoma.<\/p>\r\n\r\n\r\n\r\n<p>I borsisti svolgono il loro lavoro in modo indipendente e vengono selezionati in seguito a un colloquio volto a definire il loro progetto. Per tutta la durata della borsa di studio, accompagniamo attivamente i nostri borsisti nella realizzazione dell&#8217;iniziativa finanziata, sia investendo il nostro tempo di lavoro, sia creando connessioni che conducano ad altri finanziamenti, sia sviluppando una programmazione congiunta. I borsisti sono invitati ad assumere un ruolo nelle attivit\u00e0 della Fondazione Studio Rizoma e spesso contribuiscono a definire la visione e il programma a lungo termine dell&#8217;organizzazione.<\/p>\r\n\r\n\r\n\r\n<p>I borsisti possono essere singoli o organizzazioni e ricevono una sovvenzione strutturale per 6-12 mesi, a seconda delle circostanze.\u00a0<\/p>\r\n\r\n\r\n\r\n<p>Le borse individuali hanno normalmente una durata massima di un anno e mirano a favorire il raggiungimento di obiettivi trasformativi nella vita professionale della persona. Le borse di studio organizzative sono sovvenzioni offerte a collettivi, start-up o altre organizzazioni. Possono durare fino a due anni.\u00a0<\/p>\r\n\r\n\r\n\r\n<p>I borsisti sono generalmente selezionati per cooptazione e non viene pubblicato alcun bando aperto. Tuttavia, \u00e8 possibile contattarci via e-mail per esprimere il proprio interesse e condividere il proprio lavoro o la propria idea di progetto.<\/p>\r\n<p data-start=\"592\" data-end=\"830\">Vi informiamo comunque del fatto che, a causa dell\u2019elevato numero di richieste e della natura del nostro programma, non ci \u00e8 possibile rispondere o accogliere proposte non sollecitate, a meno che non siano strettamente in linea con il nostro lavoro attuale.<\/p>\r\n","protected":false},"excerpt":{"rendered":"<p>Stanziamo accesso a micro-finanziamenti nella fase iniziale dello sviluppo di un&#8217;idea. Cerchiamo individui e collettivi che desiderano promuovere un cambiamento a lungo termine nella loro localit\u00e0, ad esempio creando nuove istituzioni, aprendo uno spazio pubblico, incrementando in modo permanente il proprio lavoro, cambiando carriera o qualsiasi altra azione che abbia un impatto sostenibile sulla realt\u00e0 [&hellip;]<\/p>\n","protected":false},"author":1,"featured_media":156,"parent":0,"menu_order":0,"comment_status":"closed","ping_status":"closed","template":"template-fellowship.php","meta":[],"_links":{"self":[{"href":"https:\/\/studiorizoma.org\/it\/wp-json\/wp\/v2\/pages\/505"}],"collection":[{"href":"https:\/\/studiorizoma.org\/it\/wp-json\/wp\/v2\/pages"}],"about":[{"href":"https:\/\/studiorizoma.org\/it\/wp-json\/wp\/v2\/types\/page"}],"author":[{"embeddable":true,"href":"https:\/\/studiorizoma.org\/it\/wp-json\/wp\/v2\/users\/1"}],"replies":[{"embeddable":true,"href":"https:\/\/studiorizoma.org\/it\/wp-json\/wp\/v2\/comments?post=505"}],"version-history":[{"count":7,"href":"https:\/\/studiorizoma.org\/it\/wp-json\/wp\/v2\/pages\/505\/revisions"}],"predecessor-version":[{"id":5824,"href":"https:\/\/studiorizoma.org\/it\/wp-json\/wp\/v2\/pages\/505\/revisions\/5824"}],"wp:featuredmedia":[{"embeddable":true,"href":"https:\/\/studiorizoma.org\/it\/wp-json\/wp\/v2\/media\/156"}],"wp:attachment":[{"href":"https:\/\/studiorizoma.org\/it\/wp-json\/wp\/v2\/media?parent=505"}],"curies":[{"name":"wp","href":"https:\/\/api.w.org\/{rel}","templated":true}]}}